{"id":410,"date":"2025-07-15T17:18:05","date_gmt":"2025-07-15T15:18:05","guid":{"rendered":"http:\/\/172.205.249.98\/?page_id=410"},"modified":"2025-10-06T23:39:50","modified_gmt":"2025-10-06T21:39:50","slug":"aviso-legal","status":"publish","type":"page","link":"https:\/\/www.quetta.eu\/en\/aviso-legal\/","title":{"rendered":"Legal Notice"},"content":{"rendered":"<div data-elementor-type=\"wp-page\" data-elementor-id=\"410\" class=\"elementor elementor-410\" data-elementor-post-type=\"page\">\n\t\t\t\t<div class=\"elementor-element elementor-element-4aab6a8 e-flex e-con-boxed e-con e-parent\" data-id=\"4aab6a8\" data-element_type=\"container\">\n\t\t\t\t\t<div class=\"e-con-inner\">\n\t\t\t\t<div class=\"elementor-element elementor-element-e4223e1 elementor-widget elementor-widget-button\" data-id=\"e4223e1\" data-element_type=\"widget\" data-widget_type=\"button.default\">\n\t\t\t\t<div class=\"elementor-widget-container\">\n\t\t\t\t\t\t\t\t\t<div class=\"elementor-button-wrapper\">\n\t\t\t\t\t<a class=\"elementor-button elementor-button-link elementor-size-sm\" href=\"https:\/\/www.quetta.eu\/en\/\">\n\t\t\t\t\t\t<span class=\"elementor-button-content-wrapper\">\n\t\t\t\t\t\t<span class=\"elementor-button-icon\">\n\t\t\t\t<svg aria-hidden=\"true\" class=\"e-font-icon-svg e-fas-arrow-left\" viewbox=\"0 0 448 512\" xmlns=\"http:\/\/www.w3.org\/2000\/svg\"><path d=\"M257.5 445.1l-22.2 22.2c-9.4 9.4-24.6 9.4-33.9 0L7 273c-9.4-9.4-9.4-24.6 0-33.9L201.4 44.7c9.4-9.4 24.6-9.4 33.9 0l22.2 22.2c9.5 9.5 9.3 25-.4 34.3L136.6 216H424c13.3 0 24 10.7 24 24v32c0 13.3-10.7 24-24 24H136.6l120.5 114.8c9.8 9.3 10 24.8.4 34.3z\"><\/path><\/svg>\t\t\t<\/span>\n\t\t\t\t\t\t\t\t\t<span class=\"elementor-button-text\">Return<\/span>\n\t\t\t\t\t<\/span>\n\t\t\t\t\t<\/a>\n\t\t\t\t<\/div>\n\t\t\t\t\t\t\t\t<\/div>\n\t\t\t\t<\/div>\n\t\t\t\t<div class=\"elementor-element elementor-element-9f0d50f elementor-widget elementor-widget-heading\" data-id=\"9f0d50f\" data-element_type=\"widget\" data-widget_type=\"heading.default\">\n\t\t\t\t<div class=\"elementor-widget-container\">\n\t\t\t\t\t<h2 class=\"elementor-heading-title elementor-size-default\">Legal Notice<\/h2>\t\t\t\t<\/div>\n\t\t\t\t<\/div>\n\t\t\t\t<div class=\"elementor-element elementor-element-f635ce3 elementor-hidden-desktop elementor-hidden-tablet elementor-hidden-mobile elementor-widget elementor-widget-text-editor\" data-id=\"f635ce3\" data-element_type=\"widget\" data-widget_type=\"text-editor.default\">\n\t\t\t\t<div class=\"elementor-widget-container\">\n\t\t\t\t\t\t\t\t\t<p><b>Website Ownership<br \/><\/b>In compliance with Spanish Law 34\/2002 of July 11 on Information Society Services and Electronic Commerce (LSSI-CE), we inform you that this website, www.quetta.eu, is owned by:<strong><span style=\"color: #ffffff;\"><a style=\"color: #ffffff;\" href=\"https:\/\/www.quetta.eu\/en\/\"> www.quetta.eu<\/a><\/span><\/strong> .<\/p><ul><li><b>Company:<\/b>Quetta Data Centers S.L.<\/li><li><b>Registered Address<\/b>: Calle Villanueva num2, Bajo, Escalera 1. 28001, Madrid<\/li><li><b>Tax ID (CIF\/NIF)<\/b>: B72987613<\/li><li><b>Email<\/b>: legal@quetta.eu<\/li><li><b>Phone<\/b>: 603738657\/911279992<\/li><\/ul><p><b>Purpose<br \/><\/b>This website has been created to provide corporate, commercial and technical information about Quetta Data Centers' services and infrastructure.<\/p><p><b>Intellectual and industrial property<br \/><\/b><span class=\"Apple-converted-space\">\u00a0<\/span>This website is designed to provide corporate, commercial, and technical information about Quetta Data Centers' infrastructure and services.<\/p><p><b>Intellectual and Industrial Property<br \/><\/b><span class=\"Apple-converted-space\">\u00a0<\/span>All content on this website (texts, images, logos, trademarks, source code, etc.) is the property of Quetta or of third parties with whom agreements have been signed. They are protected by intellectual and industrial property rights.<\/p>\t\t\t\t\t\t\t\t<\/div>\n\t\t\t\t<\/div>\n\t\t\t\t<div class=\"elementor-element elementor-element-a893857 elementor-widget elementor-widget-text-editor\" data-id=\"a893857\" data-element_type=\"widget\" data-widget_type=\"text-editor.default\">\n\t\t\t\t<div class=\"elementor-widget-container\">\n\t\t\t\t\t\t\t\t\t<article class=\"aviso-legal\">\n  <p>Lee cuidadosamente este documento. El mismo se constituye como el Aviso Legal y las Condiciones de Uso (en adelante, el \u201cAviso Legal\u201d) que regulan el acceso, navegaci\u00f3n y uso de la web www.quetta.eu de la entidad QUETTA DATA CENTERS, S.L. (en adelante, el \u201cSitio Web\u201d).<\/p>\n  <p>El acceso, navegaci\u00f3n y utilizaci\u00f3n del Sitio Web implica por tu parte la aceptaci\u00f3n expresa y sin reservas de todos los t\u00e9rminos del presente Aviso Legal, teniendo la misma validez y eficacia que cualquier contrato celebrado por escrito y firmado.<\/p>\n  <p>Su observancia y cumplimiento ser\u00e1 exigible respecto de cualquier persona que acceda, navegue o utilice el Sitio Web. Si no est\u00e1s de acuerdo con los t\u00e9rminos expuestos, no accedas, navegues o utilices el Sitio Web.<\/p>\n\n  <h4>1. INTRODUCCION Y DATOS DE LA COMPA\u00d1\u00cdA<\/h4>\n  <p>QUETTA DATA CENTERS, S.L., es una entidad con domicilio social en calle Villanueva 2B, Escalera 1, Planta SM, 28001 Madrid, con N\u00famero de Identificaci\u00f3n Fiscal B72987613 inscrita en el Registro Mercantil de Madrid, Folio electr\u00f3nico T 44556 , F 72, S 8, con H M-784903 (en adelante, \u201cQuetta Data Centers\u201d).<\/p>\n  <p>Para m\u00e1s informaci\u00f3n sobre Quetta Data Centers, visita www.quetta.eu, o ponte en contacto a trav\u00e9s de la direcci\u00f3n de correo electr\u00f3nico info@quetta.eu.<\/p>\n\n  <h4>2. OBJETO Y \u00c1MBITO DE APLICACI\u00d3N<\/h4>\n  <p>El presente Aviso Legal regula el acceso a los contenidos y a todos los servicios ofrecidos por Quetta Data Centers a trav\u00e9s del Sitio Web, as\u00ed como la utilizaci\u00f3n de los mismos por parte de toda persona que acceda, navegue, utilice o participe en los servicios y actividades, gratuitas u onerosas, desarrolladas en el Sitio Web.<\/p>\n  <p>Quetta Data Centers se reserva el derecho a modificar la presentaci\u00f3n, configuraci\u00f3n y contenido del Sitio Web, as\u00ed como tambi\u00e9n las condiciones requeridas para su acceso y\/o utilizaci\u00f3n. El acceso y\/o utilizaci\u00f3n de los contenidos y servicios tras la entrada en vigor de sus modificaciones o los cambios en las condiciones suponen la aceptaci\u00f3n de las mismas.<\/p>\n\n  <h4>3. ACCESO Y UTILIZACION DEL SITIO WEB<\/h4>\n  <h5>3.1. Acceso al Sitio Web<\/h5>\n  <p>El acceso a los contenidos y la utilizaci\u00f3n de los servicios e iniciativas proporcionados por el Sitio Web tiene car\u00e1cter gratuito, si bien alguno de los servicios y contenidos ofrecidos por Quetta Data Centers a terceros a trav\u00e9s del Sitio Web pueden estar sujetos a su contrataci\u00f3n previa y al pago de una cantidad, lo cual se especificar\u00e1 en sus propias condiciones de contrataci\u00f3n.<\/p>\n  <h5>3.2. Utilizaci\u00f3n del Sitio Web<\/h5>\n  <p>Como usuario del Sitio Web, te comprometes a utilizar el Sitio Web de conformidad con la ley y con los t\u00e9rminos de este Aviso Legal. Asimismo, te obligas a abstenerte de utilizar el Sitio Web con fines o efectos il\u00edcitos o contrarios a lo establecido en el presente Aviso Legal. Al utilizar los servicios, te comprometes a no transmitir, difundir o poner a disposici\u00f3n de terceros a trav\u00e9s de los servicios proporcionados por el Sitio Web cualquier clase de material que de cualquier forma contravenga la legislaci\u00f3n vigente.<\/p>\n  <p>Asimismo, aceptas, de forma expresa y sin reservas, que el acceso y la utilizaci\u00f3n del Sitio Web, se hace bajo tu \u00fanica y exclusiva responsabilidad, y te comprometes a no usar el Sitio Web con fines fraudulentos, as\u00ed como a no llevar a cabo conducta alguna que pudiera da\u00f1ar la imagen, los intereses y los derechos de Quetta Data Centers o de terceros. Del mismo modo, te comprometes a no realizar acto alguno con objeto de da\u00f1ar, inutilizar o sobrecargar el Sitio Web, o que impidiera, de cualquier forma, la normal utilizaci\u00f3n y funcionamiento del mismo.<\/p>\n  <p>En el caso de que incumplas el contenido del presente Aviso Legal o de cualesquiera otros t\u00e9rminos o condiciones particulares recogidos en el Sitio Web, Quetta Data Centers se reserva el derecho a limitar, suspender o terminar tu acceso al Sitio Web, adoptando cualquier medida t\u00e9cnica que sea necesaria con ese fin. Asimismo, Quetta Data Centers se reserva la posibilidad de ejercer tales medidas en el supuesto de que sospeche razonablemente que est\u00e1s vulnerando cualquiera de los t\u00e9rminos y condiciones recogidos en los instrumentos antes citados.<\/p>\n\n  <h4>4. DERECHOS DE PROPIEDAD INTELECTUAL E INDUSTRIAL<\/h4>\n  <p>El presente Sitio Web se rige por las leyes espa\u00f1olas y por la legislaci\u00f3n nacional e internacional sobre propiedad intelectual e industrial. En ning\u00fan caso se entender\u00e1 que el acceso y navegaci\u00f3n por el Sitio Web o la utilizaci\u00f3n, adquisici\u00f3n y\/o contrataci\u00f3n de productos o servicios ofertados a trav\u00e9s del Sitio Web, implique una renuncia, transmisi\u00f3n, licencia o cesi\u00f3n total ni parcial de dichos derechos por parte de Quetta Data Centers. Dispones de un derecho de uso estrictamente privado, exclusivamente con la finalidad de disfrutar de las prestaciones del servicio de acuerdo con este Aviso Legal.<\/p>\n  <p>Las referencias a nombres y marcas comerciales o registradas, logotipos u otros signos distintivos, ya sean titularidad de Quetta Data Centers o de terceras empresas, llevan impl\u00edcitas la prohibici\u00f3n sobre su uso sin el consentimiento de Quetta Data Centers o de sus leg\u00edtimos propietarios. En ning\u00fan momento, salvo manifestaci\u00f3n expresa, el acceso o uso del Sitio Web y\/o de sus contenidos y\/o servicios, te confiere derecho alguno sobre las marcas, logotipos y\/o signos distintivos en \u00e9l incluidos protegidos por Ley.<\/p>\n  <p>Quedan reservados todos los derechos de Propiedad Intelectual e Industrial sobre los contenidos y\/o servicios y, en particular, queda prohibido modificar, copiar, reproducir, comunicar p\u00fablicamente, transformar o distribuir de cualquier forma la totalidad o parte de los contenidos y\/o servicios incluidos en el Sitio Web, para prop\u00f3sitos p\u00fablicos o comerciales, si no se cuenta con la autorizaci\u00f3n previa, expresa y por escrito de Quetta Data Centers o, en su caso, del titular de los derechos correspondientes.<\/p>\n\n  <h4>5. COOKIES<\/h4>\n  <p>El Sitio Web utiliza cookies propias y de terceros para permitir las funcionalidades t\u00e9cnicas de uso del Sitio Web y proporcionar informaci\u00f3n para realizar an\u00e1lisis y mediciones de navegaci\u00f3n. Para m\u00e1s informaci\u00f3n, consulta la Pol\u00edtica de Cookies.<\/p>\n\n  <h4>6. POL\u00cdTICA DE PRIVACIDAD<\/h4>\n  <p>Quetta Data Centers podr\u00e1 tratar los datos de car\u00e1cter personal recabados a trav\u00e9s del Sitio Web. Para m\u00e1s informaci\u00f3n, consulta la Pol\u00edtica de Privacidad.<\/p>\n\n  <h4>7. LICENCIA SOBRE LAS COMUNICACIONES<\/h4>\n  <p>En el caso de que env\u00edes informaci\u00f3n de cualquier tipo a Quetta Data Centers a trav\u00e9s del Sitio Web, mediante los canales dispuestos a tal fin en el propio Sitio Web, declaras, garantizas y aceptas que tienes derecho a hacerlo libremente, que dicha informaci\u00f3n no infringe ning\u00fan derecho de propiedad intelectual, de marca, de patente, secreto comercial, o cualquier otro derecho de tercero, que dicha informaci\u00f3n no tiene car\u00e1cter confidencial y que dicha informaci\u00f3n no es perjudicial para terceros. Reconoces asumir la responsabilidad y dejar indemne a Quetta Data Centers por cualquier comunicaci\u00f3n que suministres personalmente o a tu nombre, alcanzando dicha responsabilidad sin restricci\u00f3n alguna la exactitud, legalidad, originalidad y titularidad de la misma.<\/p>\n\n  <h4>8. RESPONSABILIDADES Y GARANT\u00cdAS<\/h4>\n  <p>Quetta Data Centers no puede garantizar la fiabilidad, utilidad o veracidad de los servicios o de la informaci\u00f3n que se preste a trav\u00e9s del Sitio Web. En consecuencia, Quetta Data Centers no garantiza ni se hace responsable de: (i) la continuidad de los contenidos del Sitio Web; (ii) la ausencia de errores en dichos contenidos o productos; (iii) la ausencia de virus y\/o dem\u00e1s componentes da\u00f1inos en el Sitio Web o en el servidor que lo suministra; (iv) la invulnerabilidad del Sitio Web y\/o la inexpugnabilidad de las medidas de seguridad que se adopten en el mismo; (v) la falta de utilidad o rendimiento de los contenidos y productos del Sitio Web; (vi) los da\u00f1os o perjuicios que cause, a s\u00ed mismo o a un tercero, cualquier persona que infringiera las condiciones, normas e instrucciones que Quetta Data Centers establece en el Sitio Web o a trav\u00e9s de la vulneraci\u00f3n de los sistemas de seguridad del Sitio Web.<\/p>\n  <p>Ello, no obstante, Quetta Data Centers ha adoptado todas las medidas necesarias, dentro de sus posibilidades y del estado de la tecnolog\u00eda, para garantizar el funcionamiento del Sitio Web y evitar la existencia y transmisi\u00f3n de virus y dem\u00e1s componentes da\u00f1inos a los usuarios del Sitio Web.<\/p>\n  <p>Mediante el acceso al Sitio Web, te obligas a utilizar el Sitio Web de conformidad con la Ley, respondiendo frente a Quetta Data Centers y frente a terceros, de cualesquiera da\u00f1os y perjuicios que pudieran causarse como consecuencia del incumplimiento de dicha obligaci\u00f3n.<\/p>\n  <p>Quetta Data Centers no controla, con car\u00e1cter general, la utilizaci\u00f3n que los usuarios del Sitio Web hacen del mismo. En particular, Quetta Data Centers no garantiza, en ning\u00fan caso, que se utilice el Sitio Web de conformidad con la ley, el presente Aviso Legal, la moral, las buenas costumbres generalmente aceptadas y el orden p\u00fablico, ni que se haga de forma diligente y manera prudente. En consecuencia, Quetta Data Centers no se responsabiliza del uso que el usuario del Sitio Web haga de los contenidos del Sitio Web que pueda suponer una infracci\u00f3n de cualquier tipo de normativa, nacional o internacional, de los derechos de propiedad intelectual o industrial o de cualesquiera otros derechos de terceros.<\/p>\n  <p>Si tuvieras conocimiento de la existencia de alg\u00fan contenido il\u00edcito, ilegal, contrario a las leyes o que pudiera suponer una infracci\u00f3n de derechos de propiedad intelectual y\/o industrial, deber\u00e1s notificarlo inmediatamente a Quetta Data Centers en la forma indicada en la cl\u00e1usula para que Quetta Data Centers pueda proceder a la adopci\u00f3n de las medidas oportunas.<\/p>\n\n  <h4>9. ENLACES<\/h4>\n  <h5>9.1. Enlaces a otras p\u00e1ginas Web<\/h5>\n  <p>En caso de que en el Sitio Web pudieras encontrar enlaces a otras p\u00e1ginas Web mediante diferentes botones, links, banners, etc., \u00e9stos ser\u00edan gestionados por terceros. Quetta Data Centers no tiene facultad para controlar ni aprobar toda la informaci\u00f3n, contenidos, productos o servicios facilitados por otros sitios Web a los que se puedan establecer enlaces desde el Sitio Web.<\/p>\n  <p>En consecuencia, Quetta Data Centers no podr\u00e1 asumir ning\u00fan tipo de responsabilidad por cualquier aspecto relativo a la p\u00e1gina Web a la que se pudiera establecer un enlace desde el Sitio Web, en concreto, a t\u00edtulo enunciativo y no taxativo, sobre su funcionamiento, acceso, datos, informaci\u00f3n, archivos, calidad y fiabilidad de sus productos y servicios, sus propios enlaces y\/o cualquiera de sus contenidos, en general.<\/p>\n  <p>En este sentido, si tuvieras conocimiento efectivo de la ilicitud de actividades desarrolladas a trav\u00e9s de estas p\u00e1ginas Web de terceros, deber\u00e1s comunicarlo inmediatamente a Quetta Data Centers a los efectos de que se proceda a deshabilitar el enlace de acceso a la misma.<\/p>\n  <p>El establecimiento de cualquier tipo de enlace desde el Sitio Web a otro sitio web ajeno no implicar\u00e1 que exista alg\u00fan tipo de relaci\u00f3n, colaboraci\u00f3n o dependencia entre Quetta Data Centers y el responsable del Sitio Web ajeno.<\/p>\n  <h5>9.2. Enlaces en otras p\u00e1ginas Web con destino al Sitio Web<\/h5>\n  <p>Si cualquier usuario del Sitio Web, entidad o Sitio Web deseara establecer alg\u00fan tipo de enlace con destino al Sitio Web deber\u00e1 atenerse a las siguientes estipulaciones:<\/p>\n  <p>El enlace solamente se podr\u00e1 dirigir a la P\u00e1gina Principal o Home del Sitio Web, salvo autorizaci\u00f3n expresa y por escrito de Quetta Data Centers.<\/p>\n  <p>El enlace debe ser absoluto y completo, es decir, debe llevar, mediante un clic, a la propia direcci\u00f3n URL del Sitio Web y debe abarcar completamente toda la extensi\u00f3n de la pantalla de la P\u00e1gina Principal del Sitio Web. En ning\u00fan caso, salvo que Quetta Data Centers autorice de manera expresa y por escrito, el Sitio Web que realiza el enlace podr\u00e1 reproducir, de cualquier manera, el Sitio Web, incluirlo como parte de su Web o dentro de uno de sus \u201cframes\u201d o crear un \u201cbrowser\u201d sobre cualquiera de las p\u00e1ginas del Sitio Web.<\/p>\n  <p>En la p\u00e1gina que establece el enlace no se podr\u00e1 declarar de ninguna manera que Quetta Data Centers ha autorizado tal enlace, salvo que Quetta Data Centers lo haya hecho expresamente y por escrito. Si la entidad que realiza el enlace desde su p\u00e1gina al Sitio Web correctamente desear\u00e1 incluir en su p\u00e1gina Web la marca, denominaci\u00f3n, nombre comercial, r\u00f3tulo, logotipo, slogan o cualquier otro tipo de elemento identificativo de Quetta Data Centers y\/o del Sitio Web, deber\u00e1 contar previamente con su autorizaci\u00f3n expresa y por escrito.<\/p>\n  <p>Quetta Data Centers no autoriza el establecimiento de un enlace al Sitio Web desde aquellas p\u00e1ginas Web que contengan materiales, informaci\u00f3n o contenidos il\u00edcitos, ilegales, degradantes, obscenos, y en general, que contravengan la moral, el orden p\u00fablico o las normas sociales generalmente aceptadas.<\/p>\n  <p>Quetta Data Centers no tiene facultad ni medios humanos y t\u00e9cnicos para conocer, controlar ni aprobar toda la informaci\u00f3n, contenidos, productos o servicios facilitados por otros sitios Web que tengan establecidos enlaces con destino al Sitio Web. Quetta Data Centers no asume ning\u00fan tipo de responsabilidad por cualquier aspecto relativo al Sitio Web que establece ese enlace con destino al Sitio Web, en concreto, a t\u00edtulo enunciativo y no taxativo, sobre su funcionamiento, acceso, datos, informaci\u00f3n, archivos, calidad y fiabilidad de sus productos y servicios, sus propios enlaces y\/o cualquiera de sus contenidos, en general.<\/p>\n\n  <h4>10. COMUNICACI\u00d3N DE ACTIVIDADES DE CAR\u00c1CTER IL\u00cdCITO O INADECUADO<\/h4>\n  <p>En el caso de que cualquier usuario de Internet tuviera conocimiento de que cualquier clase de informaci\u00f3n o contenido del Sitio Web o facilitado a trav\u00e9s del mismo es il\u00edcita o inadecuada, podr\u00e1 ponerse en contacto con Quetta Data Centers , a trav\u00e9s de la siguiente direcci\u00f3n de correo electr\u00f3nico info@quetta.eu, indicando los siguientes extremos:<\/p>\n  <ul>\n    <li>Datos personales del comunicante: nombre, direcci\u00f3n, n\u00famero de tel\u00e9fono y direcci\u00f3n de correo electr\u00f3nico.<\/li>\n    <li>Descripci\u00f3n de los hechos que revelan el car\u00e1cter il\u00edcito o inadecuado del contenido o informaci\u00f3n, as\u00ed como la direcci\u00f3n concreta en la que se encuentra disponible.<\/li>\n    <li>En el supuesto de violaci\u00f3n de derechos de terceros, tales como propiedad intelectual o industrial, habr\u00e1 de facilitarse los datos del titular del derecho infringido cuando sea persona distinta del comunicante. Asimismo, deber\u00e1 aportar el t\u00edtulo que acredite la titularidad de los derechos conculcados y, en su caso, la representaci\u00f3n para actuar por cuenta del titular cuando sea persona distinta del comunicante.<\/li>\n  <\/ul>\n  <p>La recepci\u00f3n por parte de Quetta Data Centers de la comunicaci\u00f3n prevista en esta cl\u00e1usula no supondr\u00e1, seg\u00fan lo dispuesto en la normativa vigente, el conocimiento efectivo de las actividades y\/o contenidos indicados por el comunicante, cuando ello no resulte notorio o evidente. En todo caso, Quetta Data Centers se reserva el derecho de suspender o retirar los contenidos que aun no siendo il\u00edcitos resulten contrarios a las normas establecidas en este Aviso Legal, sopesando en cada caso los bienes jur\u00eddicos en conflicto.<\/p>\n\n  <h4>11. DURACI\u00d3N Y MODIFICACI\u00d3N<\/h4>\n  <p>Quetta Data Centers podr\u00e1 modificar los t\u00e9rminos y condiciones aqu\u00ed estipulados, total o parcialmente, publicando cualquier cambio en la misma forma en que aparece este Aviso Legal o a trav\u00e9s de cualquier tipo de comunicaci\u00f3n dirigida a los usuarios del Sitio Web. La vigencia temporal de este Aviso legal coincide, por lo tanto, con el tiempo de su exposici\u00f3n, hasta que sean modificadas total o parcialmente, momento en el cual pasar\u00e1 a tener vigencia el Aviso Legal modificado.<\/p>\n  <p>Con independencia de lo dispuesto en las condiciones particulares, Quetta Data Centers podr\u00e1 dar por terminado, suspender o interrumpir, en cualquier momento, sin necesidad de preaviso, el acceso a los contenidos de la p\u00e1gina, sin que puedas exigir indemnizaci\u00f3n alguna.<\/p>\n\n  <h4>12. GENERALIDADES<\/h4>\n  <p>Los encabezamientos de las distintas cl\u00e1usulas son s\u00f3lo informativos, y no afectar\u00e1n, calificar\u00e1n o ampliar\u00e1n la interpretaci\u00f3n del Aviso Legal. En caso de existir discrepancia entre lo establecido en este Aviso Legal y las condiciones particulares de cada iniciativa espec\u00edfica, prevalecer\u00e1 lo dispuesto en \u00e9stas \u00faltimas.<\/p>\n  <p>En el caso de que cualquier disposici\u00f3n o disposiciones de este Aviso Legal fuera(n) considerada(s) nula(s) o inaplicable(s), en su totalidad o en parte, por cualquier Juzgado, Tribunal u \u00f3rgano administrativo competente, dicha nulidad o inaplicaci\u00f3n no afectar\u00e1 a las otras disposiciones del Aviso Legal.<\/p>\n  <p>El no ejercicio o ejecuci\u00f3n por parte de Quetta Data Centers de cualquier derecho o disposici\u00f3n contenida en este Aviso Legal no constituir\u00e1 una renuncia al mismo, salvo reconocimiento y acuerdo por escrito por su parte.<\/p>\n\n  <h4>13. LEGISLACI\u00d3N Y JURISDICCI\u00d3N APLICABLE<\/h4>\n  <p>Las relaciones establecidas entre Quetta Data Centers y el usuario del Sitio Web se regir\u00e1n por lo dispuesto en la normativa espa\u00f1ola vigente. Ambos someter\u00e1n cualesquiera controversias y\/o litigios al conocimiento de los Juzgados y Tribunales de la ciudad de Madrid, con renuncia expresa a cualquier otro fuero que pudiera corresponderles.<\/p>\n\n  <h4>14. CAMBIOS EN EL AVISO LEGAL<\/h4>\n  <p>Es posible que se actualice el Aviso Legal del Sitio Web. Por ello, se recomienda que revises este aviso cada vez que accedas al Sitio Web con el objetivo de estar adecuadamente informado sobre la regulaci\u00f3n del acceso, navegaci\u00f3n y uso del Sitio Web.<\/p>\n  <p><strong>\u00daltima actualizaci\u00f3n:<\/strong> marzo 2025.<\/p>\n<\/article>\n\t\t\t\t\t\t\t\t<\/div>\n\t\t\t\t<\/div>\n\t\t\t\t\t<\/div>\n\t\t\t\t<\/div>\n\t\t\t\t<\/div>","protected":false},"excerpt":{"rendered":"<p>Volver Aviso legal Titularidad del sitio webEn cumplimiento de la Ley 34\/2002, de 11 de julio, de servicios de la sociedad de la informaci\u00f3n y comercio electr\u00f3nico (LSSI-CE), se informa que el presente sitio web www.quetta.eu es titularidad de: Empresa: Quetta Data Centers S.L. Domicilio social: Calle Villanueva num2, Bajo, Escalera 1. 28001, Madrid CIF\/NIF: [&hellip;]<\/p>","protected":false},"author":1,"featured_media":0,"parent":0,"menu_order":0,"comment_status":"closed","ping_status":"closed","template":"","meta":{"footnotes":""},"class_list":["post-410","page","type-page","status-publish","hentry"],"_links":{"self":[{"href":"https:\/\/www.quetta.eu\/en\/wp-json\/wp\/v2\/pages\/410","targetHints":{"allow":["GET"]}}],"collection":[{"href":"https:\/\/www.quetta.eu\/en\/wp-json\/wp\/v2\/pages"}],"about":[{"href":"https:\/\/www.quetta.eu\/en\/wp-json\/wp\/v2\/types\/page"}],"author":[{"embeddable":true,"href":"https:\/\/www.quetta.eu\/en\/wp-json\/wp\/v2\/users\/1"}],"replies":[{"embeddable":true,"href":"https:\/\/www.quetta.eu\/en\/wp-json\/wp\/v2\/comments?post=410"}],"version-history":[{"count":12,"href":"https:\/\/www.quetta.eu\/en\/wp-json\/wp\/v2\/pages\/410\/revisions"}],"predecessor-version":[{"id":682,"href":"https:\/\/www.quetta.eu\/en\/wp-json\/wp\/v2\/pages\/410\/revisions\/682"}],"wp:attachment":[{"href":"https:\/\/www.quetta.eu\/en\/wp-json\/wp\/v2\/media?parent=410"}],"curies":[{"name":"wp","href":"https:\/\/api.w.org\/{rel}","templated":true}]}}