{"id":422,"date":"2025-07-15T17:27:26","date_gmt":"2025-07-15T15:27:26","guid":{"rendered":"https:\/\/www.quetta.eu\/?page_id=422"},"modified":"2025-10-06T23:41:44","modified_gmt":"2025-10-06T21:41:44","slug":"politica-de-privacidad","status":"publish","type":"page","link":"https:\/\/www.quetta.eu\/en\/politica-de-privacidad\/","title":{"rendered":"Privacy Policy"},"content":{"rendered":"<div data-elementor-type=\"wp-page\" data-elementor-id=\"422\" class=\"elementor elementor-422\" data-elementor-post-type=\"page\">\n\t\t\t\t<div class=\"elementor-element elementor-element-766090b e-flex e-con-boxed e-con e-parent\" data-id=\"766090b\" data-element_type=\"container\">\n\t\t\t\t\t<div class=\"e-con-inner\">\n\t\t\t\t<div class=\"elementor-element elementor-element-5b75cf8 elementor-widget elementor-widget-button\" data-id=\"5b75cf8\" data-element_type=\"widget\" data-widget_type=\"button.default\">\n\t\t\t\t<div class=\"elementor-widget-container\">\n\t\t\t\t\t\t\t\t\t<div class=\"elementor-button-wrapper\">\n\t\t\t\t\t<a class=\"elementor-button elementor-button-link elementor-size-sm\" href=\"https:\/\/www.quetta.eu\/en\/\">\n\t\t\t\t\t\t<span class=\"elementor-button-content-wrapper\">\n\t\t\t\t\t\t<span class=\"elementor-button-icon\">\n\t\t\t\t<svg aria-hidden=\"true\" class=\"e-font-icon-svg e-fas-arrow-left\" viewbox=\"0 0 448 512\" xmlns=\"http:\/\/www.w3.org\/2000\/svg\"><path d=\"M257.5 445.1l-22.2 22.2c-9.4 9.4-24.6 9.4-33.9 0L7 273c-9.4-9.4-9.4-24.6 0-33.9L201.4 44.7c9.4-9.4 24.6-9.4 33.9 0l22.2 22.2c9.5 9.5 9.3 25-.4 34.3L136.6 216H424c13.3 0 24 10.7 24 24v32c0 13.3-10.7 24-24 24H136.6l120.5 114.8c9.8 9.3 10 24.8.4 34.3z\"><\/path><\/svg>\t\t\t<\/span>\n\t\t\t\t\t\t\t\t\t<span class=\"elementor-button-text\">Return<\/span>\n\t\t\t\t\t<\/span>\n\t\t\t\t\t<\/a>\n\t\t\t\t<\/div>\n\t\t\t\t\t\t\t\t<\/div>\n\t\t\t\t<\/div>\n\t\t\t\t<div class=\"elementor-element elementor-element-6570952 elementor-widget elementor-widget-heading\" data-id=\"6570952\" data-element_type=\"widget\" data-widget_type=\"heading.default\">\n\t\t\t\t<div class=\"elementor-widget-container\">\n\t\t\t\t\t<h2 class=\"elementor-heading-title elementor-size-default\">Privacy Policy<\/h2>\t\t\t\t<\/div>\n\t\t\t\t<\/div>\n\t\t\t\t<div class=\"elementor-element elementor-element-4fd2fed elementor-hidden-desktop elementor-hidden-tablet elementor-hidden-mobile elementor-widget elementor-widget-text-editor\" data-id=\"4fd2fed\" data-element_type=\"widget\" data-widget_type=\"text-editor.default\">\n\t\t\t\t<div class=\"elementor-widget-container\">\n\t\t\t\t\t\t\t\t\t<p>In accordance with the General Data Protection Regulation (EU) 2016\/679 (GDPR) and the Spanish Organic Law 3\/2018 (LOPDGDD), we inform you of the following:<\/p><p><b>Data Controller<\/b><\/p><ul><li><b>Company:<\/b>Quetta Data Centers S.L.<\/li><\/ul><ul><li><b>Purpose:<\/b>To manage contact requests, service inquiries, business communications, and contractual relationships.\u2028<\/li><li><b>Legal basis:<\/b>Data subject's consent and\/or performance of a contract.\u2028<\/li><li><b>Recipients:<\/b>No data will be transferred to third parties unless legally required, or to service providers under confidentiality agreements.\u2028<\/li><li><b>Data Subject Rights:<\/b>Access, rectify, delete, oppose, limit the processing and request data portability.<\/li><li><b>Contact to exercise rights:<\/b>You may exercise your rights to access, rectification, erasure, restriction, objection, and data portability.\u2028<\/li><\/ul><p><b>Data Retention\u2028<br \/><\/b><span class=\"Apple-converted-space\">\u00a0<\/span>Your data will be stored for as long as necessary to fulfill the purposes described, and to meet legal obligations.<\/p><p><b>Security Measures<br \/><\/b><span class=\"Apple-converted-space\">\u00a0<\/span>Quetta applies appropriate technical and organizational measures to ensure the confidentiality, integrity, and availability of personal data.<\/p>\t\t\t\t\t\t\t\t<\/div>\n\t\t\t\t<\/div>\n\t\t\t\t<div class=\"elementor-element elementor-element-e3b682b elementor-widget elementor-widget-text-editor\" data-id=\"e3b682b\" data-element_type=\"widget\" data-widget_type=\"text-editor.default\">\n\t\t\t\t<div class=\"elementor-widget-container\">\n\t\t\t\t\t\t\t\t\t<article class=\"politica-privacidad\"><p>QUETTA DATA CENTERS S.L., pone a disposici\u00f3n de los usuarios de la p\u00e1gina web ubicada en la URL www.quetta.eu (en adelante, el \u201cSitio Web\u201d) la presente Pol\u00edtica de Privacidad, con la finalidad de ofrecerte informaci\u00f3n sobre c\u00f3mo se tratan tus datos personales y se protege tu privacidad e informaci\u00f3n.<\/p><p>QUETTA DATA CENTERS S.L.., solicita que dediques unos minutos a leer con detenimiento la presente Pol\u00edtica de Privacidad.<\/p><h4>1. INTRODUCCI\u00d3N<\/h4><p>QUETTA DATA CENTERS, S.L., es una entidad con domicilio social en calle Villanueva 2B, Escalera 1, Planta SM, 28001 Madrid, con N\u00famero de Identificaci\u00f3n Fiscal B72987613 , inscrita en el Registro Mercantil de Madrid, Folio electr\u00f3nico T 44556 , F 72, S 8, con H M-784903 (en adelante, \u201cQuetta Data Centers\u201d).<\/p><p>La presente Pol\u00edtica de Privacidad resulta de aplicaci\u00f3n a la p\u00e1gina web de Quetta Data Centers, puesta a disposici\u00f3n del p\u00fablico en la URL www.quetta.eu, as\u00ed como a las interacciones que realizas con Quetta Data Centers a trav\u00e9s de dicha p\u00e1gina web o a trav\u00e9s del correo electr\u00f3nico.<\/p><p>Quetta Data Centers podr\u00e1 modificar esta Pol\u00edtica de Privacidad cuando resulte necesario. En caso de introducirse modificaciones, se comunicar\u00e1n a trav\u00e9s de la p\u00e1gina web o bien por otros medios, con la finalidad de que puedas conocer las nuevas condiciones de Privacidad. El hecho de continuar haciendo uso de las funcionalidades puestas a disposici\u00f3n por Quetta Data Centers despu\u00e9s de haberte notificado las referidas modificaciones supondr\u00e1 que est\u00e1s de acuerdo con las mismas, salvo para los supuestos en los que sea necesario tu consentimiento expreso.<\/p><h4>2. QUI\u00c9N ES EL RESPONSABLE DEL TRATAMIENTO DE TUS DATOS PERSONALES<\/h4><p>El responsable del tratamiento de los datos personales es Quetta Data Centers. Para garantizar la adecuada gesti\u00f3n en el tratamiento de tus datos, Quetta Data Centers tiene designado un Delegado de Protecci\u00f3n de Datos, a quien podr\u00e1s dirigirte para cualquier cuesti\u00f3n que precises y con quien puedes contactar en la direcci\u00f3n electr\u00f3nica dpo@quetta.eu.<\/p><h4>3. CON QU\u00c9 FINALIDADES SE TRATAN TUS DATOS PERSONALES<\/h4><p>Los datos personales que facilites a trav\u00e9s del Sitio Web o contactando con Quetta Data Centers, por otro medio, podr\u00e1n ser tratados por la entidad para las siguientes finalidades, en funci\u00f3n de las interacciones que entables con Quetta Data Centers.<\/p><ul><li><strong>Contactar, gestionar y tramitar las consultas y solicitudes de los usuarios del Sitio Web:<\/strong> Los datos personales de los usuarios que contactan con Quetta Data Centers a trav\u00e9s de cualquiera de los canales de contacto puestos a disposici\u00f3n mediante la p\u00e1gina web con la finalidad de recibir consultas y \/ o solicitudes, ser\u00e1n tratados con las finalidades de mantener el contacto entre las partes, realizar la gesti\u00f3n de los usuarios del sitio web, prestar servicios de atenci\u00f3n al cliente o usuario y gestionar y tramitar las solicitudes o consultas que hagas llegar a trav\u00e9s de los canales habilitados para ello por Quetta Data Centers.<\/li><li><strong>Comunicaciones comerciales, promocionales o publicitarias:<\/strong> Los datos personales de los usuarios podr\u00e1n ser tratados por Quetta Data Centers con la finalidad de remitirte informaci\u00f3n comercial y publicitaria personalizada acerca de las actividades, productos, servicios, ofertas, promociones especiales, as\u00ed como documentaci\u00f3n de diversa naturaleza, a trav\u00e9s de medios postales, telef\u00f3nicos o electr\u00f3nicos (correo electr\u00f3nico, newsletter, SMS, mensajer\u00eda y otros medios de comunicaci\u00f3n electr\u00f3nica). Podr\u00e1s oponerte en cualquier momento al tratamiento de tus datos con finalidades publicitarias o promocionales por parte de Quetta Data Centers utilizando los canales habilitados para ello por Quetta Data Centers, seg\u00fan se detalla m\u00e1s adelante en este documento.<\/li><li><strong>Desarrollar el proceso de selecci\u00f3n:<\/strong> Los datos personales que facilites a trav\u00e9s de la secci\u00f3n \u201cTrabaja con nosotros\u201d del Sitio Web o contactando con Quetta Data Centers por otro medio, tal como correo electr\u00f3nico, p\u00e1ginas web dedicadas a la selecci\u00f3n de personal u otros, podr\u00e1n ser tratados por Quetta Data Centers con el objetivo de poder desarrollar el proceso de selecci\u00f3n, lo que implica el an\u00e1lisis de tu perfil profesional a trav\u00e9s de la informaci\u00f3n contenida en tu curriculum, as\u00ed como la proporcionada durante el desarrollo del proceso de selecci\u00f3n a trav\u00e9s de entrevistas, din\u00e1micas de grupo y correos electr\u00f3nicos intercambiados. Quetta Data Centers mantiene una gesti\u00f3n unificada de sus procesos de selecci\u00f3n, motivo por el cual tu candidatura podr\u00eda ser considerada en relaci\u00f3n con cualquiera de las entidades que forman parte de su grupo empresarial. En caso de que ello suponga una comunicaci\u00f3n de datos a una entidad distinta a la que has solicitado, se te comunicar\u00e1 debidamente, inform\u00e1ndote de tal comunicaci\u00f3n de datos.<\/li><\/ul><h4>4. QU\u00c9 DATOS SON TRATADOS POR QUETTA DATA CENTERS Y DE QU\u00c9 FUENTES PROCEDEN<\/h4><p>Los datos que Quetta Data Centers trata como consecuencia de las interacciones que realizas a trav\u00e9s de su p\u00e1gina web provienen de las siguientes fuentes:<\/p><ul><li>Datos que aportas mediante la cumplimentaci\u00f3n de los espacios para gestionar la comunicaci\u00f3n con los usuarios puestos a disposici\u00f3n por Quetta Data Centers o por cualquier otra v\u00eda mediante la que entables comunicaci\u00f3n con Quetta Data Centers.<\/li><li>Datos generados como consecuencia del desarrollo, tramitaci\u00f3n y mantenimiento de la relaci\u00f3n entablada entre el usuario y Quetta Data Centers.<\/li><\/ul><p>Quetta Data Centers podr\u00e1 tratar datos personales de las siguientes tipolog\u00edas, en funci\u00f3n de la relaci\u00f3n entablada con el usuario:<\/p><ul><li>Datos identificativos y de contacto (p.ej., nombre y apellidos, correo electr\u00f3nico, direcci\u00f3n postal, tel\u00e9fono, etc.).<\/li><li>Datos acad\u00e9micos o profesionales y \/ o detalles del empleo (p.ej., datos contenidos en el curr\u00edculum vitae).<\/li><li>Otras tipolog\u00edas de datos. Exclusivamente en caso de que aportes otras tipolog\u00edas de datos en las interacciones que entables con Quetta Data Centers , tales datos ser\u00e1n tratados por Quetta Data Centers \u00fanicamente en caso de que su tratamiento resulte preciso en atenci\u00f3n a la finalidad perseguida. En caso contrario, los datos ser\u00e1n destruidos sin haber sido guardados ni tratados previamente por parte de Quetta Data Centers.<\/li><\/ul><h4>5. CU\u00c1L ES LA LEGITIMACI\u00d3N LEGAL PARA EL TRATAMIENTO DE TUS DATOS<\/h4><p>Quetta Data Centers trata los datos personales que le facilitas de acuerdo con las siguientes bases legitimadoras, en funci\u00f3n de la tipolog\u00eda de datos que sean facilitados, as\u00ed como de las interacciones que entables con Quetta Data Centers:<\/p><ul><li>El tratamiento de tus datos para la finalidad de \u201cContactar, gestionar y tramitar las consultas y solicitudes de los usuarios del Sitio Web\u201d se basa en su necesidad para la ejecuci\u00f3n de un contrato entre el usuario y Quetta Data Centers del que el interesado es parte o para la aplicaci\u00f3n a petici\u00f3n de este de medidas precontractuales; es decir, en la gesti\u00f3n de su propia solicitud, en el mantenimiento del contacto entre las partes y, en su caso, en la prestaci\u00f3n del servicio que hubieras solicitado.<\/li><li>Asimismo, el tratamiento de tus datos para la finalidad \u201cComunicaciones comerciales, promocionales o publicitarias\u201d se basa en el inter\u00e9s leg\u00edtimo de Quetta Data Centers de mantenerte informado sobre las novedades de la entidad. El env\u00edo de dichas comunicaciones ser\u00e1 exclusivamente referente a servicios y actividades de Quetta Data Centers similares a los publicados en el Sitio Web y sobre los que existe una relaci\u00f3n jur\u00eddica previa con el usuario. Podr\u00e1s oponerte al tratamiento de tus datos con la finalidad \u201cComunicaciones comerciales, promocionales o publicitarias\u201d en cualquier momento, as\u00ed como en cada una de las comunicaciones con dicha finalidad que recibas. En el caso de que no exista una relaci\u00f3n contractual previa con Quetta Data Centers , solo podr\u00e1s recibir informaci\u00f3n promocional previo consentimiento expreso marcando la casilla habilitada al efecto.<\/li><li>Los datos personales que facilitas con la finalidad de \u201cDesarrollar el proceso de selecci\u00f3n\u201d, se tratar\u00e1n en la aplicaci\u00f3n de medidas precontractuales o la intenci\u00f3n de concluir un contrato (art. 6.1.b del RGPD).<\/li><\/ul><p>Quetta Data Centers informa que \u00fanicamente realizar\u00e1 los tratamientos de datos personales para las finalidades de tratamiento basadas en tu consentimiento en los casos en los que hubieras consentido cada uno de los tratamientos, a trav\u00e9s de los modos de obtenci\u00f3n de consentimiento puestos a disposici\u00f3n por Quetta Data Centers.<\/p><h4>6. A QUI\u00c9N SE COMUNICAN TUS DATOS<\/h4><p>Tus datos podr\u00e1n ser comunicados a otras sociedades de Quetta Data Centers que ejerzan en la entidad funciones de, entre otras, direcci\u00f3n, control, gesti\u00f3n de los recursos humanos, vigilancia del cumplimiento normativo o auditor\u00eda. La finalidad de dicha comunicaci\u00f3n de datos es posibilitar la gesti\u00f3n y desarrollo de los tr\u00e1mites oportunos establecidos normativamente puesto que otras sociedades del grupo empresarial pueden ser las entidades mercantiles que tienen que atender la consulta. La base legitimadora de esta comunicaci\u00f3n de datos es el inter\u00e9s leg\u00edtimo de Quetta Data Centers para organizar los recursos humanos y t\u00e9cnicos de su grupo empresarial.<\/p><p>Tus datos no ser\u00e1n comunicados a otros terceros, salvo que expresamente lo exija una normativa o se cuente con tu consentimiento.<\/p><h4>7. POR CU\u00c1NTO TIEMPO SE CONSERVAN TUS DATOS<\/h4><p>Quetta Data Centers conservar\u00e1 tus datos personales durante el tiempo necesario para la prestaci\u00f3n del servicio solicitado y \/ o para alcanzar la finalidad de tratamiento perseguida.<\/p><p>Posteriormente, siempre que no hayas ejercido tu derecho de supresi\u00f3n, tus datos ser\u00e1n conservados durante los plazos legales que en cada caso resulten de aplicaci\u00f3n, teniendo en cuenta la tipolog\u00eda de datos, as\u00ed como la finalidad del tratamiento.<\/p><p>En cualquier caso, puedes solicitar informaci\u00f3n detallada sobre los plazos de conservaci\u00f3n de datos aplicados en Quetta Data Centers poni\u00e9ndote en contacto con el Delegado de Protecci\u00f3n de Datos de Quetta Data Centers, a quien puedes contactar en la direcci\u00f3n dpo@quetta.eu.<\/p><h4>8. QU\u00c9 DATOS PERSONALES DEBES FACILITAR<\/h4><p>Cuando los datos personales sean recabados a trav\u00e9s de un formulario puesto a disposici\u00f3n a trav\u00e9s del Sitio web, ser\u00e1 necesario que aportes, al menos, los datos que sean indicados como obligatorios en el formulario de que se trate. En caso de no suministrar al menos tales datos, considerados como necesarios, Quetta Data Centers no podr\u00e1 gestionar el servicio o la consulta que hayas formulado.<\/p><h4>9. QU\u00c9 DEBES GARANTIZAR AL APORTAR TUS DATOS PERSONALES<\/h4><p>Debes garantizar que los datos que aportas son verdaderos, exactos, completos y se encuentran actualizados, siendo responsable de cualquier da\u00f1o o perjuicio, directo o indirecto, que pudiera ocasionarse como consecuencia del incumplimiento de tal obligaci\u00f3n.<\/p><p>En caso de que aportes datos pertenecientes a un tercero, garantizas que has informado a dicho tercero de la totalidad de aspectos contenidos en la presente Pol\u00edtica de Privacidad y obtenido su consentimiento para facilitar sus datos para la finalidad de tratamiento de que se trate. Todo ello, con car\u00e1cter previo al suministro de datos de un tercero a trav\u00e9s del Sitio web.<\/p><h4>10. QU\u00c9 MEDIDAS SE ADOPTAN PARA PROTEGER TUS DATOS PERSONALES<\/h4><p>En respuesta a la preocupaci\u00f3n de Quetta Data Centers por garantizar la seguridad y confidencialidad de tus datos, se han adoptado los niveles de seguridad requeridos para la protecci\u00f3n de los datos personales y se han instalado los medios t\u00e9cnicos a su alcance para evitar la p\u00e9rdida, mal uso, alteraci\u00f3n, acceso no autorizado y robo de los datos personales facilitados a trav\u00e9s del Sitio Web. En todo caso, debes tener en consideraci\u00f3n que las medidas de seguridad en Internet no son inexpugnables.<\/p><h4>11. CU\u00c1LES SON TUS DERECHOS SOBRE TUS DATOS PERSONALES<\/h4><ul><li><strong>Acceder a tus datos:<\/strong> Tienes derecho a obtener confirmaci\u00f3n sobre si se est\u00e1n tratando datos personales que te conciernen o no y a acceder a tus datos para conocer qu\u00e9 datos personales se tratan.<\/li><li><strong>Solicitar la rectificaci\u00f3n de tus datos:<\/strong> En determinadas circunstancias, tienes derecho a rectificar aquellos datos personales que consideres inexactos y que te conciernan, y que sean objeto de tratamiento por parte de Quetta Data Centers.<\/li><li><strong>Solicitar la supresi\u00f3n de tus datos:<\/strong> Cuando, entre otros motivos, los datos ya no fueran necesarios para los fines que fueron recogidos, tienes derecho a solicitar la supresi\u00f3n de tus datos.<\/li><li><strong>Solicitar la limitaci\u00f3n del tratamiento de tus datos:<\/strong> En determinadas circunstancias, tendr\u00e1s derecho a solicitar la limitaci\u00f3n del tratamiento de tus datos, en cuyo caso \u00fanicamente se conservar\u00edan los datos sobre los que hayas solicitado limitaci\u00f3n en el tratamiento para el ejercicio o defensa de reclamaciones.<\/li><li><strong>A la portabilidad de tus datos:<\/strong> En determinadas circunstancias, tendr\u00e1s derecho a recibir los datos personales que te incumban, y que hayas facilitado, en un formato estructurado de uso com\u00fan y lectura mec\u00e1nica, as\u00ed como a que sean transmitidos por parte de Quetta Data Centers a otro responsable del tratamiento.<\/li><li><strong>Oponerse al tratamiento de tus datos:<\/strong> En determinadas circunstancias y por motivos relacionados con tu situaci\u00f3n particular, tendr\u00e1s derecho a oponerte al tratamiento de tus datos en cuyo caso, se dejar\u00edan de tratar salvo que se deba continuar haci\u00e9ndolo por motivos leg\u00edtimos imperiosos o para el ejercicio o la defensa de posibles reclamaciones.<\/li><\/ul><p>Asimismo, tienes derecho a retirar cualquiera de los consentimientos que hubieras prestado para el tratamiento de tus datos, sin que ello afecte a la licitud del tratamiento basado en el consentimiento previo a su retirada.<\/p><p>Podr\u00e1s ejercitar tus derechos sobre tus datos personales mediante escrito dirigido a Quetta Data Centers, identificado con la referencia \u201cProtecci\u00f3n de Datos\u201d que podr\u00e1s remitir a una de las siguientes direcciones: calle Villanueva 2B, Escalera 1, Planta SM, 28001 (Madrid) o a dpo@quetta.eu.<\/p><p>En caso de que la solicitud no sea atendida, se podr\u00e1 presentar reclamaci\u00f3n ante el Delegado de Protecci\u00f3n de Datos en la direcci\u00f3n de correo electr\u00f3nico dpo@quetta.eu., o ante la Autoridad de control competente en materia de protecci\u00f3n de datos (AEPD).<\/p><h4>12. CAMBIOS EN LA POL\u00cdTICA DE PRIVACIDAD<\/h4><p>Es posible que se actualice la Pol\u00edtica de Privacidad del Sitio Web. Por ello, se recomienda que revises esta pol\u00edtica cada vez que accedas al Sitio Web con el objetivo de estar adecuadamente informado sobre c\u00f3mo se tratan tus datos personales y se protege tu privacidad e informaci\u00f3n.<\/p><p><strong>\u00daltima actualizaci\u00f3n:<\/strong> marzo 2025.<\/p><\/article>\t\t\t\t\t\t\t\t<\/div>\n\t\t\t\t<\/div>\n\t\t\t\t\t<\/div>\n\t\t\t\t<\/div>\n\t\t\t\t<\/div>","protected":false},"excerpt":{"rendered":"<p>Volver Pol\u00edtica de Privacidad En cumplimiento del Reglamento (UE) 2016\/679 (RGPD) y de la Ley Org\u00e1nica 3\/2018 (LOPDGDD), informamos a los usuarios de lo siguiente: Responsable del tratamiento Empresa: Quetta Data Centers S.L. Finalidad: Gesti\u00f3n de contactos, solicitudes, servicios contratados, env\u00edo de comunicaciones corporativas. Legitimaci\u00f3n: Consentimiento del interesado y ejecuci\u00f3n de contrato. Destinatarios: No se [&hellip;]<\/p>","protected":false},"author":1,"featured_media":0,"parent":0,"menu_order":0,"comment_status":"closed","ping_status":"closed","template":"","meta":{"footnotes":""},"class_list":["post-422","page","type-page","status-publish","hentry"],"_links":{"self":[{"href":"https:\/\/www.quetta.eu\/en\/wp-json\/wp\/v2\/pages\/422","targetHints":{"allow":["GET"]}}],"collection":[{"href":"https:\/\/www.quetta.eu\/en\/wp-json\/wp\/v2\/pages"}],"about":[{"href":"https:\/\/www.quetta.eu\/en\/wp-json\/wp\/v2\/types\/page"}],"author":[{"embeddable":true,"href":"https:\/\/www.quetta.eu\/en\/wp-json\/wp\/v2\/users\/1"}],"replies":[{"embeddable":true,"href":"https:\/\/www.quetta.eu\/en\/wp-json\/wp\/v2\/comments?post=422"}],"version-history":[{"count":18,"href":"https:\/\/www.quetta.eu\/en\/wp-json\/wp\/v2\/pages\/422\/revisions"}],"predecessor-version":[{"id":688,"href":"https:\/\/www.quetta.eu\/en\/wp-json\/wp\/v2\/pages\/422\/revisions\/688"}],"wp:attachment":[{"href":"https:\/\/www.quetta.eu\/en\/wp-json\/wp\/v2\/media?parent=422"}],"curies":[{"name":"wp","href":"https:\/\/api.w.org\/{rel}","templated":true}]}}