{"id":427,"date":"2025-07-15T17:29:36","date_gmt":"2025-07-15T15:29:36","guid":{"rendered":"https:\/\/www.quetta.eu\/?page_id=427"},"modified":"2025-10-06T23:41:56","modified_gmt":"2025-10-06T21:41:56","slug":"politica-de-cookies","status":"publish","type":"page","link":"https:\/\/www.quetta.eu\/en\/politica-de-cookies\/","title":{"rendered":"Cookie Policy"},"content":{"rendered":"<div data-elementor-type=\"wp-page\" data-elementor-id=\"427\" class=\"elementor elementor-427\" data-elementor-post-type=\"page\">\n\t\t\t\t<div class=\"elementor-element elementor-element-10290c7 e-flex e-con-boxed e-con e-parent\" data-id=\"10290c7\" data-element_type=\"container\">\n\t\t\t\t\t<div class=\"e-con-inner\">\n\t\t\t\t<div class=\"elementor-element elementor-element-f51fd11 elementor-widget elementor-widget-button\" data-id=\"f51fd11\" data-element_type=\"widget\" data-widget_type=\"button.default\">\n\t\t\t\t<div class=\"elementor-widget-container\">\n\t\t\t\t\t\t\t\t\t<div class=\"elementor-button-wrapper\">\n\t\t\t\t\t<a class=\"elementor-button elementor-button-link elementor-size-sm\" href=\"https:\/\/www.quetta.eu\/en\/\">\n\t\t\t\t\t\t<span class=\"elementor-button-content-wrapper\">\n\t\t\t\t\t\t<span class=\"elementor-button-icon\">\n\t\t\t\t<svg aria-hidden=\"true\" class=\"e-font-icon-svg e-fas-arrow-left\" viewbox=\"0 0 448 512\" xmlns=\"http:\/\/www.w3.org\/2000\/svg\"><path d=\"M257.5 445.1l-22.2 22.2c-9.4 9.4-24.6 9.4-33.9 0L7 273c-9.4-9.4-9.4-24.6 0-33.9L201.4 44.7c9.4-9.4 24.6-9.4 33.9 0l22.2 22.2c9.5 9.5 9.3 25-.4 34.3L136.6 216H424c13.3 0 24 10.7 24 24v32c0 13.3-10.7 24-24 24H136.6l120.5 114.8c9.8 9.3 10 24.8.4 34.3z\"><\/path><\/svg>\t\t\t<\/span>\n\t\t\t\t\t\t\t\t\t<span class=\"elementor-button-text\">Return<\/span>\n\t\t\t\t\t<\/span>\n\t\t\t\t\t<\/a>\n\t\t\t\t<\/div>\n\t\t\t\t\t\t\t\t<\/div>\n\t\t\t\t<\/div>\n\t\t\t\t<div class=\"elementor-element elementor-element-f720ef9 elementor-widget elementor-widget-heading\" data-id=\"f720ef9\" data-element_type=\"widget\" data-widget_type=\"heading.default\">\n\t\t\t\t<div class=\"elementor-widget-container\">\n\t\t\t\t\t<h2 class=\"elementor-heading-title elementor-size-default\">Cookie Policy<\/h2>\t\t\t\t<\/div>\n\t\t\t\t<\/div>\n\t\t\t\t<div class=\"elementor-element elementor-element-2548994 elementor-hidden-desktop elementor-hidden-tablet elementor-hidden-mobile elementor-widget elementor-widget-text-editor\" data-id=\"2548994\" data-element_type=\"widget\" data-widget_type=\"text-editor.default\">\n\t\t\t\t<div class=\"elementor-widget-container\">\n\t\t\t\t\t\t\t\t\t<p><b>Use of Cookies<br \/><\/b>This website uses first-party and third-party cookies for technical, analytical, and advertising purposes, aiming to enhance user experience.<\/p><p>\u00a0<\/p><p><b>Types of Cookies<\/b><\/p><ul><li><b>Technical Cookies:<\/b>Required for basic operation of the site.\u2028<\/li><li><b>Analytics Cookies:<\/b>Measure user behavior and website performance (e.g., Google Analytics).\u2028<\/li><li><b>Personalization Cookies:<\/b>Remember user preferences for future visits.\u2028<\/li><li><b>Advertising Cookies:<\/b>Show relevant and personalized ads.\u2028<\/li><\/ul><p>\u00a0<\/p><p><b>Cookie Management<br \/><\/b>Users can configure or reject cookie use via the consent banner or through their browser settings. For more information, please refer to our cookie management tool.<\/p><p>\u00a0<\/p><p><b>Disabling Cookies<br \/><\/b>You can disable cookies via your browser (Chrome, Firefox, Edge, Safari, etc.). Note that this may affect website functionality.<\/p>\t\t\t\t\t\t\t\t<\/div>\n\t\t\t\t<\/div>\n\t\t\t\t<div class=\"elementor-element elementor-element-7b6aad5 elementor-widget elementor-widget-text-editor\" data-id=\"7b6aad5\" data-element_type=\"widget\" data-widget_type=\"text-editor.default\">\n\t\t\t\t<div class=\"elementor-widget-container\">\n\t\t\t\t\t\t\t\t\t<article class=\"politica-cookies\"><p>QUETTA DATA CENTERS, S.L., pone a disposici\u00f3n de los usuarios de la p\u00e1gina web ubicada en la URL www.quetta.eu (en adelante, el \u201cSitio Web\u201d), la presente Pol\u00edtica de Cookies, con la finalidad de ofrecer informaci\u00f3n sobre c\u00f3mo se tratan tus datos personales y se protege tu privacidad e informaci\u00f3n a trav\u00e9s de las cookies.<\/p><h4>1. Qu\u00e9 son las cookies<\/h4><p>Este Sitio Web utiliza cookies y\/o tecnolog\u00edas similares que almacenan y recuperan informaci\u00f3n cuando navegas. Las cookies son archivos peque\u00f1os que las p\u00e1ginas web, aplicaciones m\u00f3viles, tiendas online, intranets, plataformas online o similares, almacenan en el navegador del usuario que las visita y que permiten recuperar informaci\u00f3n ya almacenada y aportar a la navegaci\u00f3n web ventajas en la prestaci\u00f3n de servicios interactivos, as\u00ed como aportar informaci\u00f3n relevante al propietario de la web.<\/p><p>En general, estas tecnolog\u00edas sirven para finalidades muy diversas, como, por ejemplo, reconocerte como usuario, obtener informaci\u00f3n sobre tus h\u00e1bitos de navegaci\u00f3n, o personalizar la forma en que se muestra el contenido. Los usos concretos que se hacen de estas tecnolog\u00edas se describen a continuaci\u00f3n.<\/p><h4>2. Qu\u00e9 tipos de cookies utiliza este Sitio Web<\/h4><p><strong>Cookies t\u00e9cnicas.<\/strong> Son aquellas que permiten al usuario la navegaci\u00f3n a trav\u00e9s de una p\u00e1gina web, plataforma o aplicaci\u00f3n y la utilizaci\u00f3n de las diferentes opciones o servicios que en ella existan, incluyendo aquellas que el editor utiliza para permitir la gesti\u00f3n y operativa de la p\u00e1gina web y habilitar sus funciones y servicios, como, por ejemplo, controlar el tr\u00e1fico y la comunicaci\u00f3n de datos, identificar la sesi\u00f3n, acceder a partes de acceso restringido, controlar el fraude vinculado a la seguridad del servicio, utilizar elementos de seguridad durante la navegaci\u00f3n o habilitar contenidos din\u00e1micos. La instalaci\u00f3n de estas cookies es necesaria para el funcionamiento de la web.<\/p><h5>Relaci\u00f3n de cookies utilizadas<\/h5><div style=\"overflow-x: auto;\"><table><thead><tr><th>Tipo<\/th><th>Name<\/th><th>Purpose:<\/th><th>Duraci\u00f3n<\/th><th>Titular<\/th><\/tr><\/thead><tbody><tr><td>T\u00e9cnica<\/td><td>Svsession<\/td><td>Identifica visitantes \u00fanicos y rastrea las sesiones de un visitante en el sitio web.<\/td><td>1 a\u00f1o, 1 mes y 4 d\u00edas<\/td><td>Propia<\/td><\/tr><tr><td>T\u00e9cnica<\/td><td>Server-session-bind<\/td><td>Mejora el rendimiento del sitio y protege las interacciones del usuario con el servidor.<\/td><td>Sesi\u00f3n<\/td><td>Propia<\/td><\/tr><tr><td>T\u00e9cnica<\/td><td>Ssr-caching<\/td><td>Almacena el estado de la cach\u00e9 del contenido para mejorar la velocidad de carga.<\/td><td>22 horas<\/td><td>Propia<\/td><\/tr><tr><td>T\u00e9cnica<\/td><td>XSRF-TOKEN<\/td><td>Asegura que las solicitudes provengan de la propia aplicaci\u00f3n del usuario (protecci\u00f3n frente a CSRF).<\/td><td>Sesi\u00f3n<\/td><td>Propia<\/td><\/tr><tr><td>T\u00e9cnica<\/td><td>hs<\/td><td>Seguimiento de sesiones y seguridad en el sitio web.<\/td><td>Sesi\u00f3n<\/td><td>Propia<\/td><\/tr><tr><td>T\u00e9cnica<\/td><td>bSession<\/td><td>Gestiona la sesi\u00f3n del usuario, manteniendo autenticaci\u00f3n y estado durante la navegaci\u00f3n.<\/td><td>24 horas<\/td><td>Propia<\/td><\/tr><\/tbody><\/table><\/div><h4>3. C\u00f3mo puedes borrar y\/o desactivar las cookies<\/h4><p>Puedes aceptar o rechazar las cookies en tu primera visita y cambiar tus preferencias en cualquier momento desde el panel de configuraci\u00f3n del Sitio Web.<\/p><p>Adem\u00e1s, puedes gestionar cookies desde tu navegador. Consulta las gu\u00edas oficiales aqu\u00ed:<\/p><ul><li><a href=\"https:\/\/support.microsoft.com\/es-es\/microsoft-edge\/eliminar-las-cookies-en-microsoft-edge-63947406-40ac-c3b8-57b9-2a946a29ae09\" target=\"_blank\" rel=\"nofollow noopener\">Eliminar las cookies en Microsoft Edge<\/a><\/li><li><a href=\"https:\/\/support.mozilla.org\/es\/kb\/Borrar%20cookies\" target=\"_blank\" rel=\"nofollow noopener\">Borrar cookies en Mozilla Firefox<\/a><\/li><li><a href=\"https:\/\/support.google.com\/chrome\/answer\/95647?hl=es\" target=\"_blank\" rel=\"nofollow noopener\">Gestionar cookies en Google Chrome<\/a><\/li><li><a href=\"https:\/\/support.apple.com\/es-es\/guide\/safari\/sfri11471\/mac\" target=\"_blank\" rel=\"nofollow noopener\">Borrar cookies en Safari (Mac)<\/a><\/li><\/ul><p>M\u00e1s informaci\u00f3n sobre clasificaci\u00f3n de cookies en la <a href=\"https:\/\/www.aepd.es\/es\/documento\/guia-cookies.pdf\" target=\"_blank\" rel=\"nofollow noopener\">Gu\u00eda sobre el uso de las cookies de la AEPD<\/a>.<\/p><h4>4. Cambios en la Pol\u00edtica de Cookies<\/h4><p>Es posible que se actualice la Pol\u00edtica de Cookies del Sitio Web. Te recomendamos revisarla peri\u00f3dicamente para estar adecuadamente informado sobre c\u00f3mo y para qu\u00e9 se usan las cookies.<\/p><p><strong>\u00daltima actualizaci\u00f3n:<\/strong> marzo 2025.<\/p><\/article>\t\t\t\t\t\t\t\t<\/div>\n\t\t\t\t<\/div>\n\t\t\t\t\t<\/div>\n\t\t\t\t<\/div>\n\t\t\t\t<\/div>","protected":false},"excerpt":{"rendered":"<p>Volver Pol\u00edtica de Cookies Uso de cookiesEste sitio web utiliza cookies propias y de terceros con fines anal\u00edticos, t\u00e9cnicos y publicitarios, con el objetivo de mejorar la experiencia del usuario. \u00a0 Tipos de cookies Cookies t\u00e9cnicas: Necesarias para el funcionamiento b\u00e1sico de la web. Cookies de an\u00e1lisis: Permiten medir el comportamiento de los usuarios (por [&hellip;]<\/p>","protected":false},"author":1,"featured_media":0,"parent":0,"menu_order":0,"comment_status":"closed","ping_status":"closed","template":"","meta":{"footnotes":""},"class_list":["post-427","page","type-page","status-publish","hentry"],"_links":{"self":[{"href":"https:\/\/www.quetta.eu\/en\/wp-json\/wp\/v2\/pages\/427","targetHints":{"allow":["GET"]}}],"collection":[{"href":"https:\/\/www.quetta.eu\/en\/wp-json\/wp\/v2\/pages"}],"about":[{"href":"https:\/\/www.quetta.eu\/en\/wp-json\/wp\/v2\/types\/page"}],"author":[{"embeddable":true,"href":"https:\/\/www.quetta.eu\/en\/wp-json\/wp\/v2\/users\/1"}],"replies":[{"embeddable":true,"href":"https:\/\/www.quetta.eu\/en\/wp-json\/wp\/v2\/comments?post=427"}],"version-history":[{"count":18,"href":"https:\/\/www.quetta.eu\/en\/wp-json\/wp\/v2\/pages\/427\/revisions"}],"predecessor-version":[{"id":691,"href":"https:\/\/www.quetta.eu\/en\/wp-json\/wp\/v2\/pages\/427\/revisions\/691"}],"wp:attachment":[{"href":"https:\/\/www.quetta.eu\/en\/wp-json\/wp\/v2\/media?parent=427"}],"curies":[{"name":"wp","href":"https:\/\/api.w.org\/{rel}","templated":true}]}}